{"id":3809,"date":"2020-11-30T03:58:47","date_gmt":"2020-11-30T02:58:47","guid":{"rendered":"https:\/\/chicken57.fr\/commande\/?post_type=product&#038;p=3809"},"modified":"2020-11-30T03:58:47","modified_gmt":"2020-11-30T02:58:47","slug":"le-tacos-escalope-viande-hachee","status":"publish","type":"product","link":"https:\/\/chicken57.fr\/commande\/produit\/le-tacos-escalope-viande-hachee\/","title":{"rendered":"Le Tacos Escalope\/Viande Hach\u00e9e"},"content":{"rendered":"","protected":false},"excerpt":{"rendered":"<p>Escalope, viande hach\u00e9e fraiche, frites, sauce fromag\u00e8re, sauce.<\/p>\n","protected":false},"featured_media":3796,"template":"","meta":[],"product_cat":[37],"product_tag":[],"woofood_extra_options":null,"_links":{"self":[{"href":"https:\/\/chicken57.fr\/commande\/wp-json\/wp\/v2\/product\/3809"}],"collection":[{"href":"https:\/\/chicken57.fr\/commande\/wp-json\/wp\/v2\/product"}],"about":[{"href":"https:\/\/chicken57.fr\/commande\/wp-json\/wp\/v2\/types\/product"}],"wp:featuredmedia":[{"embeddable":true,"href":"https:\/\/chicken57.fr\/commande\/wp-json\/wp\/v2\/media\/3796"}],"wp:attachment":[{"href":"https:\/\/chicken57.fr\/commande\/wp-json\/wp\/v2\/media?parent=3809"}],"wp:term":[{"taxonomy":"product_cat","embeddable":true,"href":"https:\/\/chicken57.fr\/commande\/wp-json\/wp\/v2\/product_cat?post=3809"},{"taxonomy":"product_tag","embeddable":true,"href":"https:\/\/chicken57.fr\/commande\/wp-json\/wp\/v2\/product_tag?post=3809"}],"curies":[{"name":"wp","href":"https:\/\/api.w.org\/{rel}","templated":true}]}}